{"id":2,"date":"2014-09-05T08:17:34","date_gmt":"2014-09-05T08:17:34","guid":{"rendered":"http:\/\/phdom.com\/?page_id=2"},"modified":"2025-10-28T16:27:38","modified_gmt":"2025-10-28T15:27:38","slug":"a-propos","status":"publish","type":"page","link":"https:\/\/phdom.com\/en\/a-propos\/","title":{"rendered":"Who am I ?"},"content":{"rendered":"<p><\/p>\n<h2 style=\"text-align: center;\"><\/h2>\n<h2><strong>Who am I ?<\/strong><\/h2>\n<p><img loading=\"lazy\" class=\" wp-image-2331 alignleft\" src=\"http:\/\/phdom.com\/wp-content\/uploads\/2014\/09\/IMG_8020-1024x682.jpg\" alt=\"IMG_8020\" width=\"519\" height=\"346\" srcset=\"https:\/\/phdom.com\/wp-content\/uploads\/2014\/09\/IMG_8020-1024x682.jpg 1024w, https:\/\/phdom.com\/wp-content\/uploads\/2014\/09\/IMG_8020-300x200.jpg 300w, https:\/\/phdom.com\/wp-content\/uploads\/2014\/09\/IMG_8020-420x280.jpg 420w, https:\/\/phdom.com\/wp-content\/uploads\/2014\/09\/IMG_8020-738x492.jpg 738w, https:\/\/phdom.com\/wp-content\/uploads\/2014\/09\/IMG_8020.jpg 1600w\" sizes=\"(max-width: 519px) 100vw, 519px\" \/><\/p>\n<p style=\"text-align: justify;\">Hello everyone, I am <strong>Philippe Hamel<\/strong>, I live in Aix-en-Provence or Paris and I created <strong>P.H. DOM<\/strong> more than 18 years ago.\u00a0After having completed my studies in Agricultural Engineering and Management, I spent more than 20 years as a research consultant and manager in international agro businesses.<\/p>\n<p style=\"text-align: justify;\">As a manager, supervising, training and evaluating engineers, students, technicians and executives were part of my daily job and I organized multiple training programs.<\/p>\n<p style=\"text-align: justify;\">In 2004, I realized how many families and students were looking for <strong>personalized help in several subjects at the same time and seeking teaching approaches based on building better self-confidence and giving the pleasure of learning<\/strong>. That is why I decided to change my career and started my private tutoring activity in mathematics, physics, chemistry.<\/p>\n<p style=\"text-align: justify;\">Little by little, I extended my activity and I am now tutoring for students suffering from dyslexia, dyspraxia and dyscalculia, for students looking for bilingual trainings (AB, IGCSE, IBS,&#8230;) for adults in the process of changing career and for seniors wishing to go back to studying. <strong>Lessons can be held in french, english and spanish.<\/strong><\/p>\n<h2 style=\"text-align: justify;\"><strong>What is P.H. DOM ?<\/strong><\/h2>\n<p style=\"text-align: justify;\">P.H. DOM\u2019s approach is based on adapting each accompaniment to your needs, linking efficiency and pleasure of learning (and succeeding!) thanks to personalized training and reliable methods. On this website, you will find much more information about P.H. DOM&#8217;s activity.<\/p>\n<p style=\"text-align: justify;\">The sessions take place in Paris or Aix-en-Provence city center (at the premises of P.H. DOM or at your home), but also at your home anywhere in France, in Europe or abroad, via Skype or Discord or FaceTime.<\/p>\n<p style=\"text-align: justify;\">From one session to another, my goal is to make sure all the information given is understood, and homework is given. All of this is made with the will to develop a real pleasure of learning and become autonomous. If a part of the session is not understood, I will help you by using different examples and approaches. The personalised accompaniment is based on interactions and friendliness.<\/p>\n<h2 style=\"text-align: justify;\"><strong>Any questions ?<\/strong><\/h2>\n<p style=\"text-align: justify;\">Please feel free to take a look at all the information on the <strong>P.H. DOM website<\/strong>, you will find the following : the content of my lessons, rates and methods of payment, and the links to my <strong>Linkedin, Face Book and Superprof pages.<\/strong><\/p>\n<p style=\"text-align: justify;\"><a href=\"https:\/\/www.linkedin.com\/in\/phdom\" target=\"_blank\" class=\"button small primary\">Linkedin<\/a>\n<p style=\"text-align: justify;\"><a href=\"http:\/\/www.superprof.fr\/formateur-experimente-dom-donne-cours-maths-physique-chimie-langues-centre-ville-aix-provence-distance-via-skype.html\" target=\"_blank\" class=\"button small primary\">Superprof<\/a>\n<p style=\"text-align: justify;\">If needed please contact me just clicking .<\/p>\n<p style=\"text-align: justify;\"><a href=\"\/contact\" target=\"_self\" class=\"button small primary\">Me Contacter<\/a>\n<p><\/p>","protected":false},"excerpt":{"rendered":"<p>Who am I ? Hello everyone, I am Philippe Hamel, I live in Aix-en-Provence or Paris and I created P.H. DOM more than 18 years ago.\u00a0After having completed my studies in Agricultural Engineering and Management, I spent more than 20 years as a research consultant and manager in international agro businesses. As a manager, supervising, [&hellip;]<\/p>\n","protected":false},"author":38,"featured_media":0,"parent":0,"menu_order":0,"comment_status":"closed","ping_status":"open","template":"","meta":{"spay_email":""},"yoast_head":"<!-- This site is optimized with the Yoast SEO plugin v16.0.2 - https:\/\/yoast.com\/wordpress\/plugins\/seo\/ -->\n<meta name=\"description\" content=\"Cours priv\u00e9s comme accompagnement p\u00e9dagogique et pr\u00e9paration concours \u00e0 domicile \/ \u00e0 distance tous niveaux: maths physique chimie fran\u00e7ais anglais espagnol.\" \/>\n<meta name=\"robots\" content=\"index, follow, max-snippet:-1, max-image-preview:large, max-video-preview:-1\" \/>\n<link rel=\"canonical\" href=\"https:\/\/phdom.com\/a-propos\/\" \/>\n<meta property=\"og:locale\" content=\"en_US\" \/>\n<meta property=\"og:type\" content=\"article\" \/>\n<meta property=\"og:title\" content=\"Philippe Hamel - Cours Priv\u00e9s \u00e0 Aix-En-Provence ou \u00e0 Distance\" \/>\n<meta property=\"og:description\" content=\"Cours priv\u00e9s comme accompagnement p\u00e9dagogique et pr\u00e9paration concours \u00e0 domicile \/ \u00e0 distance tous niveaux: maths physique chimie fran\u00e7ais anglais espagnol.\" \/>\n<meta property=\"og:url\" content=\"https:\/\/phdom.com\/a-propos\/\" \/>\n<meta property=\"og:site_name\" content=\"Cours Particuliers &amp; Private Lessons\" \/>\n<meta property=\"article:publisher\" content=\"http:\/\/facebook.com\/phdom\" \/>\n<meta property=\"article:modified_time\" content=\"2025-10-28T15:27:38+00:00\" \/>\n<meta property=\"og:image\" content=\"http:\/\/phdom.com\/wp-content\/uploads\/2014\/09\/IMG_8020-1024x682.jpg\" \/>\n<meta name=\"twitter:card\" content=\"summary\" \/>\n<meta name=\"twitter:site\" content=\"@phdomcom\" \/>\n<meta name=\"twitter:label1\" content=\"Est. reading time\">\n\t<meta name=\"twitter:data1\" content=\"5 minutes\">\n<script type=\"application\/ld+json\" class=\"yoast-schema-graph\">{\"@context\":\"https:\/\/schema.org\",\"@graph\":[{\"@type\":\"WebSite\",\"@id\":\"https:\/\/phdom.com\/#website\",\"url\":\"https:\/\/phdom.com\/\",\"name\":\"Cours Particuliers &amp; Private Lessons\",\"description\":\"\",\"potentialAction\":[{\"@type\":\"SearchAction\",\"target\":\"https:\/\/phdom.com\/?s={search_term_string}\",\"query-input\":\"required name=search_term_string\"}],\"inLanguage\":\"en-US\"},{\"@type\":\"ImageObject\",\"@id\":\"https:\/\/phdom.com\/a-propos\/#primaryimage\",\"inLanguage\":\"en-US\",\"url\":\"http:\/\/phdom.com\/wp-content\/uploads\/2014\/09\/IMG_8020-1024x682.jpg\"},{\"@type\":\"WebPage\",\"@id\":\"https:\/\/phdom.com\/a-propos\/#webpage\",\"url\":\"https:\/\/phdom.com\/a-propos\/\",\"name\":\"Philippe Hamel - Cours Priv\\u00e9s \\u00e0 Aix-En-Provence ou \\u00e0 Distance\",\"isPartOf\":{\"@id\":\"https:\/\/phdom.com\/#website\"},\"primaryImageOfPage\":{\"@id\":\"https:\/\/phdom.com\/a-propos\/#primaryimage\"},\"datePublished\":\"2014-09-05T08:17:34+00:00\",\"dateModified\":\"2025-10-28T15:27:38+00:00\",\"description\":\"Cours priv\\u00e9s comme accompagnement p\\u00e9dagogique et pr\\u00e9paration concours \\u00e0 domicile \/ \\u00e0 distance tous niveaux: maths physique chimie fran\\u00e7ais anglais espagnol.\",\"breadcrumb\":{\"@id\":\"https:\/\/phdom.com\/a-propos\/#breadcrumb\"},\"inLanguage\":\"en-US\",\"potentialAction\":[{\"@type\":\"ReadAction\",\"target\":[\"https:\/\/phdom.com\/a-propos\/\"]}]},{\"@type\":\"BreadcrumbList\",\"@id\":\"https:\/\/phdom.com\/a-propos\/#breadcrumb\",\"itemListElement\":[{\"@type\":\"ListItem\",\"position\":1,\"item\":{\"@type\":\"WebPage\",\"@id\":\"https:\/\/phdom.com\/\",\"url\":\"https:\/\/phdom.com\/\",\"name\":\"Home\"}},{\"@type\":\"ListItem\",\"position\":2,\"item\":{\"@type\":\"WebPage\",\"@id\":\"https:\/\/phdom.com\/a-propos\/\",\"url\":\"https:\/\/phdom.com\/a-propos\/\",\"name\":\"Qui suis je?\"}}]}]}<\/script>\n<!-- \/ Yoast SEO plugin. -->","jetpack_sharing_enabled":true,"jetpack_shortlink":"https:\/\/wp.me\/P6vbe6-2","jetpack_likes_enabled":true,"_links":{"self":[{"href":"https:\/\/phdom.com\/en\/wp-json\/wp\/v2\/pages\/2"}],"collection":[{"href":"https:\/\/phdom.com\/en\/wp-json\/wp\/v2\/pages"}],"about":[{"href":"https:\/\/phdom.com\/en\/wp-json\/wp\/v2\/types\/page"}],"author":[{"embeddable":true,"href":"https:\/\/phdom.com\/en\/wp-json\/wp\/v2\/users\/38"}],"replies":[{"embeddable":true,"href":"https:\/\/phdom.com\/en\/wp-json\/wp\/v2\/comments?post=2"}],"version-history":[{"count":8,"href":"https:\/\/phdom.com\/en\/wp-json\/wp\/v2\/pages\/2\/revisions"}],"predecessor-version":[{"id":3815,"href":"https:\/\/phdom.com\/en\/wp-json\/wp\/v2\/pages\/2\/revisions\/3815"}],"wp:attachment":[{"href":"https:\/\/phdom.com\/en\/wp-json\/wp\/v2\/media?parent=2"}],"curies":[{"name":"wp","href":"https:\/\/api.w.org\/{rel}","templated":true}]}}