{"id":601,"date":"2013-02-27T23:11:57","date_gmt":"2013-02-27T22:11:57","guid":{"rendered":"http:\/\/themextemplates.com\/demo\/academy\/?page_id=601"},"modified":"2025-10-27T14:08:41","modified_gmt":"2025-10-27T13:08:41","slug":"contact-soutien","status":"publish","type":"page","link":"https:\/\/phdom.com\/en\/contact-soutien\/","title":{"rendered":"Contact"},"content":{"rendered":"<p><div class=\"widget\"><div class=\"widget-title\"><h3 class=\"nomargin\">Contact<\/h3><\/div><div class=\"widget-content\"> <strong>Adress:<\/strong> 29 avenue Saint Jer\u00f4me R\u00e9sidence Ste Victoire, Bat F, RDC, 13100 Aix-en-Provence ou 14 rue Oudinot 75007 Paris &#8211; France<br \/>\n<strong>Mobile:<\/strong> +33 (0)6 82 98 63 29<br \/>\n<strong>Skype:<\/strong>\u00a0p.h.dom<br \/>\n<strong>Email:<\/strong>\u00a0contact@phdom.com<\/p>\n<div style=\"margin-top: 15px; margin-bottom: 15px;\"><a href=\"http:\/\/facebook.com\/phdom\" target=\"_blank\" class=\"button small primary\">Facebook<\/a> <a href=\"https:\/\/www.linkedin.com\/in\/phdom\" target=\"_blank\" class=\"button small primary\">Linkedin<\/a> <a href=\"http:\/\/twitter.com\/phdomcom\" target=\"_blank\" class=\"button small primary\">Twitter<\/a> <a href=\"http:\/\/www.superprof.fr\/formateur-experimente-dom-donne-cours-maths-physique-chimie-centre-ville-aix-provence-Paris-distance-via-skype.html\" target=\"_blank\" class=\"button small primary\">Superprof<\/a><\/div>\n<p><iframe style=\"border: 0;\" src=\"https:\/\/www.google.com\/maps\/embed?pb=!1m18!1m12!1m3!1d2893.066518734224!2d5.4518669155094!3d43.52180557912603!2m3!1f0!2f0!3f0!3m2!1i1024!2i768!4f13.1!3m3!1m2!1s0x0%3A0x0!2zNDPCsDMxJzE4LjUiTiA1wrAyNycxNC42IkU!5e0!3m2!1sde!2sde!4v1572575099016!5m2!1sde!2sde\" width=\"100%\" height=\"400\" frameborder=\"0\" allowfullscreen=\"allowfullscreen\"><\/iframe><br \/>\n<\/div><\/div> <div class=\"widget\"><div class=\"widget-title\"><h3 class=\"nomargin\">Ask a Question<\/h3><\/div><div class=\"widget-content\"><form action=\"https:\/\/phdom.com\/wp-admin\/admin-ajax.php\" method=\"POST\" class=\"formatted-form ajax-form\"><div class=\"message\"><\/div><div class=\"sixcol column \"><div class=\"field-wrapper\"><input type=\"text\" id=\"nom\" name=\"nom\" value=\"\" placeholder=\"Nom\"  \/><\/div><\/div><div class=\"sixcol column last\"><div class=\"field-wrapper\"><input type=\"text\" id=\"email\" name=\"email\" value=\"\" placeholder=\"Email\"  \/><\/div><\/div><div class=\"clear\"><\/div><div class=\"clear\"><\/div><div class=\"field-wrapper\"><textarea id=\"question\" name=\"question\" placeholder=\"Question\" ><\/textarea><\/div><div class=\"clear\"><\/div><div class=\"form-captcha clearfix\"><img src=\"https:\/\/phdom.com\/wp-content\/themes\/academy\/framework\/assets\/images\/captcha\/captcha.php\" alt=\"\" \/><input type=\"text\" name=\"captcha\" id=\"captcha\" size=\"6\" value=\"\" placeholder=\"Code\" \/><\/div><div class=\"clear\"><\/div><a class=\"submit-button button\" href=\"#\">Submit<\/a><div class=\"form-loader\"><\/div><input type=\"hidden\" name=\"slug\" value=\"contact\" \/><input type=\"hidden\" class=\"action\" value=\"themex_form_submit\" \/><\/form><\/div><\/div><\/p>","protected":false},"excerpt":{"rendered":"","protected":false},"author":38,"featured_media":0,"parent":0,"menu_order":0,"comment_status":"closed","ping_status":"closed","template":"","meta":{"spay_email":""},"yoast_head":"<!-- This site is optimized with the Yoast SEO plugin v16.0.2 - https:\/\/yoast.com\/wordpress\/plugins\/seo\/ -->\n<meta name=\"description\" content=\"Soutien scolaire \u00e0 la carte \u00e0 Aix-en-provence ou \u00e0 distance, en maths, physique, chimie, anglais, fran\u00e7ais et espagnol. Prenez contact maintenant avec phdom\" \/>\n<meta name=\"robots\" content=\"index, follow, max-snippet:-1, max-image-preview:large, max-video-preview:-1\" \/>\n<link rel=\"canonical\" href=\"https:\/\/phdom.com\/contact-soutien\/\" \/>\n<meta property=\"og:locale\" content=\"en_US\" \/>\n<meta property=\"og:type\" content=\"article\" \/>\n<meta property=\"og:title\" content=\"Soutien Scolaire \u00e0 Domicile ou \u00e0 Distance - Contact P.H. DOM\" \/>\n<meta property=\"og:description\" content=\"{:fr}Soutien scolaire \u00e0 la carte \u00e0 Aix-en-provence ou Paris ou \u00e0 distance, en maths, physique, chimie en anglais, fran\u00e7ais ou espagnol. Prenez contact maintenant avec phdom{:en}Soutien scolaire \u00e0 la carte \u00e0 Aix-en-provence ou \u00e0 distance, en maths, physique, chimie, anglais, fran\u00e7ais et espagnol. Prenez contact maintenant avec phdom{:}\" \/>\n<meta property=\"og:url\" content=\"https:\/\/phdom.com\/contact-soutien\/\" \/>\n<meta property=\"og:site_name\" content=\"Cours Particuliers &amp; Private Lessons\" \/>\n<meta property=\"article:publisher\" content=\"http:\/\/facebook.com\/phdom\" \/>\n<meta property=\"article:modified_time\" content=\"2025-10-27T13:08:41+00:00\" \/>\n<meta name=\"twitter:card\" content=\"summary\" \/>\n<meta name=\"twitter:site\" content=\"@phdomcom\" \/>\n<meta name=\"twitter:label1\" content=\"Est. reading time\">\n\t<meta name=\"twitter:data1\" content=\"2 minutes\">\n<script type=\"application\/ld+json\" class=\"yoast-schema-graph\">{\"@context\":\"https:\/\/schema.org\",\"@graph\":[{\"@type\":\"WebSite\",\"@id\":\"https:\/\/phdom.com\/#website\",\"url\":\"https:\/\/phdom.com\/\",\"name\":\"Cours Particuliers &amp; Private Lessons\",\"description\":\"\",\"potentialAction\":[{\"@type\":\"SearchAction\",\"target\":\"https:\/\/phdom.com\/?s={search_term_string}\",\"query-input\":\"required name=search_term_string\"}],\"inLanguage\":\"en-US\"},{\"@type\":\"WebPage\",\"@id\":\"https:\/\/phdom.com\/contact-soutien\/#webpage\",\"url\":\"https:\/\/phdom.com\/contact-soutien\/\",\"name\":\"Soutien Scolaire \\u00e0 Domicile ou \\u00e0 Distance - Contact P.H. DOM\",\"isPartOf\":{\"@id\":\"https:\/\/phdom.com\/#website\"},\"datePublished\":\"2013-02-27T22:11:57+00:00\",\"dateModified\":\"2025-10-27T13:08:41+00:00\",\"description\":\"{:fr}Soutien scolaire \\u00e0 la carte \\u00e0 Aix-en-provence ou Paris ou \\u00e0 distance, en maths, physique, chimie en anglais, fran\\u00e7ais ou espagnol. Prenez contact maintenant avec phdom{:en}Soutien scolaire \\u00e0 la carte \\u00e0 Aix-en-provence ou \\u00e0 distance, en maths, physique, chimie, anglais, fran\\u00e7ais et espagnol. Prenez contact maintenant avec phdom{:}\",\"breadcrumb\":{\"@id\":\"https:\/\/phdom.com\/contact-soutien\/#breadcrumb\"},\"inLanguage\":\"en-US\",\"potentialAction\":[{\"@type\":\"ReadAction\",\"target\":[\"https:\/\/phdom.com\/contact-soutien\/\"]}]},{\"@type\":\"BreadcrumbList\",\"@id\":\"https:\/\/phdom.com\/contact-soutien\/#breadcrumb\",\"itemListElement\":[{\"@type\":\"ListItem\",\"position\":1,\"item\":{\"@type\":\"WebPage\",\"@id\":\"https:\/\/phdom.com\/\",\"url\":\"https:\/\/phdom.com\/\",\"name\":\"Home\"}},{\"@type\":\"ListItem\",\"position\":2,\"item\":{\"@type\":\"WebPage\",\"@id\":\"https:\/\/phdom.com\/contact-soutien\/\",\"url\":\"https:\/\/phdom.com\/contact-soutien\/\",\"name\":\"Contact\"}}]}]}<\/script>\n<!-- \/ Yoast SEO plugin. -->","jetpack_sharing_enabled":true,"jetpack_shortlink":"https:\/\/wp.me\/P6vbe6-9H","jetpack_likes_enabled":true,"_links":{"self":[{"href":"https:\/\/phdom.com\/en\/wp-json\/wp\/v2\/pages\/601"}],"collection":[{"href":"https:\/\/phdom.com\/en\/wp-json\/wp\/v2\/pages"}],"about":[{"href":"https:\/\/phdom.com\/en\/wp-json\/wp\/v2\/types\/page"}],"author":[{"embeddable":true,"href":"https:\/\/phdom.com\/en\/wp-json\/wp\/v2\/users\/38"}],"replies":[{"embeddable":true,"href":"https:\/\/phdom.com\/en\/wp-json\/wp\/v2\/comments?post=601"}],"version-history":[{"count":30,"href":"https:\/\/phdom.com\/en\/wp-json\/wp\/v2\/pages\/601\/revisions"}],"predecessor-version":[{"id":3813,"href":"https:\/\/phdom.com\/en\/wp-json\/wp\/v2\/pages\/601\/revisions\/3813"}],"wp:attachment":[{"href":"https:\/\/phdom.com\/en\/wp-json\/wp\/v2\/media?parent=601"}],"curies":[{"name":"wp","href":"https:\/\/api.w.org\/{rel}","templated":true}]}}